{"id":6546,"date":"2025-05-23T11:52:05","date_gmt":"2025-05-23T15:52:05","guid":{"rendered":"https:\/\/hogstories.harley-davidson.com\/?page_id=5855"},"modified":"2026-03-27T11:04:30","modified_gmt":"2026-03-27T15:04:30","slug":"annual-mileage-challenge","status":"publish","type":"page","link":"https:\/\/hogstories.harley-davidson.com\/fr-ca\/annual-mileage-challenge\/","title":{"rendered":"D\u00e9fi de kilom\u00e9trage annuel"},"content":{"rendered":"\n<p class=\"intro\">Roulez plus, gagnez plus et c\u00e9l\u00e9brez chaque kilom\u00e8tre.<\/p>\n\n\n\n<p class=\"has-text-align-left\">Pour commencer, il suffit de passer chez votre concessionnaire H-D<sup>\u00ae<\/sup> deux fois par ann\u00e9e pour la lecture de l\u2019odom\u00e8tre et inscrire vos kilom\u00e8tres. Vos kilom\u00e8tres seront \u00e0 la fois attribu\u00e9s au total annuel et au total \u00e0 vie, d\u00e9bloquant des r\u00e9compenses et des reconnaissances en cours de route.<\/p>\n\n\n\n<p><strong>Voici comment cela fonctionne&nbsp;:<\/strong><\/p>\n\n\n\n<ul class=\"wp-block-list\">\n<li>Commencez par valider votre kilom\u00e9trage chez votre concessionnaire d\u2019ici le 1er&nbsp;janvier ou apr\u00e8s (ou au d\u00e9but de votre saison de moto).<\/li>\n\n\n\n<li>Retournez-y n\u2019importe quand dans l\u2019ann\u00e9e pour mettre \u00e0 jour votre kilom\u00e9trage.<\/li>\n\n\n\n<li>Terminez par une derni\u00e8re lecture du compteur avant le 31&nbsp;d\u00e9cembre (ou \u00e0 la fin de votre saison de moto).<\/li>\n\n\n\n<li>Vous n\u2019avez qu\u2019\u00e0 effectuer deux lectures par ann\u00e9e, mais des mises \u00e0 jour plus fr\u00e9quentes donnent plus de chances de c\u00e9l\u00e9brer les jalons.<\/li>\n<\/ul>\n\n\n\n<p><strong>Bon \u00e0 savoir&nbsp;:<\/strong><\/p>\n\n\n\n<ul class=\"wp-block-list\">\n<li>Tous les membres HOG<sup>\u00ae<\/sup> sont encourag\u00e9s \u00e0 participer.<\/li>\n\n\n\n<li>M\u00eame si vous \u00e9changez votre moto, vos kilom\u00e8tres restent avec vous.<\/li>\n\n\n\n<li>Vous pouvez inscrire plusieurs motocyclettes.<\/li>\n\n\n\n<li>Le total de vos kilom\u00e8tres se calcule annuellement et s\u2019ajoute \u00e0 votre total \u00e0 vie.<\/li>\n<\/ul>\n\n\n\n<p class=\"has-text-align-left\"><strong>R\u00e9compenses&nbsp;: <\/strong><\/p>\n\n\n\n<figure class=\"wp-block-table\"><table><thead><tr><td><strong>Miles<\/strong><\/td><td><strong>R\u00e9compense<\/strong><\/td><\/tr><\/thead><tbody><tr><td>1&nbsp;000<\/td><td>Insigne num\u00e9rique et coupon de 10&nbsp;$ chez le concessionnaire<\/td><\/tr><tr><td>2&nbsp;500<\/td><td>Insigne num\u00e9rique et coupon de 15&nbsp;$ chez le concessionnaire<\/td><\/tr><tr><td>5&nbsp;000<\/td><td>Insigne num\u00e9rique et coupon de 25&nbsp;$ chez le concessionnaire<\/td><\/tr><tr><td>7&nbsp;500<\/td><td>Insigne num\u00e9rique, certificat et coupon de 35&nbsp;$ chez le concessionnaire<\/td><\/tr><tr><td>10&nbsp;000<\/td><td>Insigne num\u00e9rique, certificat, \u00e9cusson, pi\u00e8ce de monnaie du d\u00e9fi et coupon de 45&nbsp;$ chez le concessionnaire<\/td><\/tr><tr><td>15&nbsp;000<\/td><td>Insigne num\u00e9rique, certificat, \u00e9cusson, pi\u00e8ce de monnaie du d\u00e9fi et coupon de 55&nbsp;$ chez le concessionnaire<\/td><\/tr><tr><td>20&nbsp;000<\/td><td>Insigne num\u00e9rique, certificat, \u00e9cusson, pi\u00e8ce de monnaie du d\u00e9fi, coupon de 55&nbsp;$ et gobelet Ride&nbsp;365<\/td><\/tr><tr><td>25&nbsp;000<\/td><td>Insigne num\u00e9rique, certificat, \u00e9cusson, pi\u00e8ce de monnaie du d\u00e9fi, coupon de 55&nbsp;$ et casquette Ride&nbsp;365<\/td><\/tr><tr><td>50&nbsp;000<\/td><td>Insigne num\u00e9rique, certificat, \u00e9cusson, pi\u00e8ce de monnaie du d\u00e9fi, coupon de 55&nbsp;$ et sac \u00e0 dos Ride&nbsp;365<\/td><\/tr><tr><td>75&nbsp;000<\/td><td>Insigne num\u00e9rique, certificat, \u00e9cusson, pi\u00e8ce de monnaie du d\u00e9fi, coupon de 55&nbsp;$ et glaci\u00e8re Ride&nbsp;365<\/td><\/tr><tr><td>100&nbsp;000<\/td><td>Insigne num\u00e9rique, certificat, \u00e9cusson, pi\u00e8ce de monnaie du d\u00e9fi, coupon de 55&nbsp;$ et \u00e9couteur-bouton sans fil Ride&nbsp;365<\/td><\/tr><\/tbody><\/table><\/figure>\n\n\n\n<p><\/p>\n\n\n\n<p>C\u00e9l\u00e9brez votre parcours en faisant le suivi de vos kilom\u00e8tres, atteignez de nouveaux jalons et amusez-vous sur la route.<\/p>\n\n\n\n<p><\/p>\n\n\n\n<div class=\"wp-block-buttons is-layout-flex wp-block-buttons-is-layout-flex\">\n<div class=\"wp-block-button\"><a class=\"wp-block-button__link wp-element-button\" href=\"https:\/\/members.harley-davidson.com\/fr_CA\/HOG\/HDMN_Ride365?PublicAccess=true&amp;source_cd=undefined\" target=\"_blank\" rel=\"noreferrer noopener nofollow\">SUIVEZ VOS PROGR\u00c8S<\/a><\/div>\n<\/div>\n\n\n\n<div class=\"wp-block-buttons is-layout-flex wp-block-buttons-is-layout-flex\">\n<div class=\"wp-block-button\"><a class=\"wp-block-button__link wp-element-button\" href=\"https:\/\/www.harley-davidson.com\/ca\/fr\/tools\/find-a-dealer.html\" target=\"_blank\" rel=\"noreferrer noopener nofollow\">O\u00d9 EST MON CONCESSIONNAIRE LE PLUS PROCHE?<\/a><\/div>\n<\/div>\n\n\n\n<p><\/p>\n\n\n\n<p><\/p>\n\n\n\n<p><a href=\"https:\/\/hogstories.harley-davidson.com\/en-ca\/wp-content\/uploads\/2026\/02\/CAN-R365-Annual-Challenge-Terms-and-Conditions-2026_FR.pdf\" target=\"_blank\" rel=\"noreferrer noopener nofollow\">Des conditions g\u00e9n\u00e9rales s&#8217;appliquent<\/a><\/p>\n\n\n\n<p><\/p>\n","protected":false},"excerpt":{"rendered":"<p>Roulez plus, gagnez plus et c\u00e9l\u00e9brez chaque kilom\u00e8tre. Pour commencer, il suffit de passer chez votre concessionnaire H-D\u00ae deux fois par ann\u00e9e pour la lecture de l\u2019odom\u00e8tre et inscrire vos [&hellip;]<\/p>\n","protected":false},"author":2,"featured_media":2789,"parent":0,"menu_order":0,"comment_status":"closed","ping_status":"closed","template":"page-full-width-with-black-footer-module.php","meta":{"_acf_changed":false,"footnotes":""},"class_list":["post-6546","page","type-page","status-publish","has-post-thumbnail","hentry"],"acf":[],"yoast_head":"<!-- This site is optimized with the Yoast SEO plugin v26.5 - https:\/\/yoast.com\/wordpress\/plugins\/seo\/ -->\n<title>HOG Stories - D\u00e9fi de kilom\u00e9trage annuel - Canada fran\u00e7ais<\/title>\n<meta name=\"robots\" content=\"index, follow, max-snippet:-1, max-image-preview:large, max-video-preview:-1\" \/>\n<link rel=\"canonical\" href=\"https:\/\/hogstories.harley-davidson.com\/fr-ca\/annual-mileage-challenge\/\" \/>\n<meta property=\"og:locale\" content=\"fr_CA\" \/>\n<meta property=\"og:type\" content=\"article\" \/>\n<meta property=\"og:title\" content=\"HOG Stories - D\u00e9fi de kilom\u00e9trage annuel - Canada fran\u00e7ais\" \/>\n<meta property=\"og:description\" content=\"Roulez plus, gagnez plus et c\u00e9l\u00e9brez chaque kilom\u00e8tre. Pour commencer, il suffit de passer chez votre concessionnaire H-D\u00ae deux fois par ann\u00e9e pour la lecture de l\u2019odom\u00e8tre et inscrire vos [&hellip;]\" \/>\n<meta property=\"og:url\" content=\"https:\/\/hogstories.harley-davidson.com\/fr-ca\/annual-mileage-challenge\/\" \/>\n<meta property=\"og:site_name\" content=\"Canada fran\u00e7ais\" \/>\n<meta property=\"article:modified_time\" content=\"2026-03-27T15:04:30+00:00\" \/>\n<meta property=\"og:image\" content=\"https:\/\/hogstories.harley-davidson.com\/fr-ca\/wp-content\/uploads\/2025\/05\/my24-flhx-riding-0703-jk-2000px.jpg\" \/>\n\t<meta property=\"og:image:width\" content=\"2000\" \/>\n\t<meta property=\"og:image:height\" content=\"1334\" \/>\n\t<meta property=\"og:image:type\" content=\"image\/jpeg\" \/>\n<meta name=\"twitter:card\" content=\"summary_large_image\" \/>\n<meta name=\"twitter:label1\" content=\"Estimation du temps de lecture\" \/>\n\t<meta name=\"twitter:data1\" content=\"3 minutes\" \/>\n<script type=\"application\/ld+json\" class=\"yoast-schema-graph\">{\"@context\":\"https:\/\/schema.org\",\"@graph\":[{\"@type\":\"WebPage\",\"@id\":\"https:\/\/hogstories.harley-davidson.com\/fr-ca\/annual-mileage-challenge\/\",\"url\":\"https:\/\/hogstories.harley-davidson.com\/fr-ca\/annual-mileage-challenge\/\",\"name\":\"HOG Stories - D\u00e9fi de kilom\u00e9trage annuel - Canada fran\u00e7ais\",\"isPartOf\":{\"@id\":\"https:\/\/hogstories.harley-davidson.com\/fr-ca\/#website\"},\"primaryImageOfPage\":{\"@id\":\"https:\/\/hogstories.harley-davidson.com\/fr-ca\/annual-mileage-challenge\/#primaryimage\"},\"image\":{\"@id\":\"https:\/\/hogstories.harley-davidson.com\/fr-ca\/annual-mileage-challenge\/#primaryimage\"},\"thumbnailUrl\":\"https:\/\/hogstories.harley-davidson.com\/fr-ca\/wp-content\/uploads\/2025\/05\/my24-flhx-riding-0703-jk-2000px.jpg\",\"datePublished\":\"2025-05-23T15:52:05+00:00\",\"dateModified\":\"2026-03-27T15:04:30+00:00\",\"breadcrumb\":{\"@id\":\"https:\/\/hogstories.harley-davidson.com\/fr-ca\/annual-mileage-challenge\/#breadcrumb\"},\"inLanguage\":\"fr-CA\",\"potentialAction\":[{\"@type\":\"ReadAction\",\"target\":[\"https:\/\/hogstories.harley-davidson.com\/fr-ca\/annual-mileage-challenge\/\"]}]},{\"@type\":\"ImageObject\",\"inLanguage\":\"fr-CA\",\"@id\":\"https:\/\/hogstories.harley-davidson.com\/fr-ca\/annual-mileage-challenge\/#primaryimage\",\"url\":\"https:\/\/hogstories.harley-davidson.com\/fr-ca\/wp-content\/uploads\/2025\/05\/my24-flhx-riding-0703-jk-2000px.jpg\",\"contentUrl\":\"https:\/\/hogstories.harley-davidson.com\/fr-ca\/wp-content\/uploads\/2025\/05\/my24-flhx-riding-0703-jk-2000px.jpg\",\"width\":2000,\"height\":1334},{\"@type\":\"BreadcrumbList\",\"@id\":\"https:\/\/hogstories.harley-davidson.com\/fr-ca\/annual-mileage-challenge\/#breadcrumb\",\"itemListElement\":[{\"@type\":\"ListItem\",\"position\":1,\"name\":\"Home\",\"item\":\"https:\/\/hogstories.harley-davidson.com\/fr-ca\/\"},{\"@type\":\"ListItem\",\"position\":2,\"name\":\"D\u00e9fi de kilom\u00e9trage annuel\"}]},{\"@type\":\"WebSite\",\"@id\":\"https:\/\/hogstories.harley-davidson.com\/fr-ca\/#website\",\"url\":\"https:\/\/hogstories.harley-davidson.com\/fr-ca\/\",\"name\":\"Harley Owners Group - Canadian French\",\"description\":\"\",\"publisher\":{\"@id\":\"https:\/\/hogstories.harley-davidson.com\/fr-ca\/#organization\"},\"potentialAction\":[{\"@type\":\"SearchAction\",\"target\":{\"@type\":\"EntryPoint\",\"urlTemplate\":\"https:\/\/hogstories.harley-davidson.com\/fr-ca\/?s={search_term_string}\"},\"query-input\":{\"@type\":\"PropertyValueSpecification\",\"valueRequired\":true,\"valueName\":\"search_term_string\"}}],\"inLanguage\":\"fr-CA\"},{\"@type\":\"Organization\",\"@id\":\"https:\/\/hogstories.harley-davidson.com\/fr-ca\/#organization\",\"name\":\"Harley Owners Group\",\"url\":\"https:\/\/hogstories.harley-davidson.com\/fr-ca\/\",\"logo\":{\"@type\":\"ImageObject\",\"inLanguage\":\"fr-CA\",\"@id\":\"https:\/\/hogstories.harley-davidson.com\/fr-ca\/#\/schema\/logo\/image\/\",\"url\":\"https:\/\/hogstories.harley-davidson.com\/fr-ca\/wp-content\/uploads\/2024\/10\/vagabond6.jpg\",\"contentUrl\":\"https:\/\/hogstories.harley-davidson.com\/fr-ca\/wp-content\/uploads\/2024\/10\/vagabond6.jpg\",\"width\":900,\"height\":900,\"caption\":\"Harley Owners Group\"},\"image\":{\"@id\":\"https:\/\/hogstories.harley-davidson.com\/fr-ca\/#\/schema\/logo\/image\/\"}}]}<\/script>\n<!-- \/ Yoast SEO plugin. -->","yoast_head_json":{"title":"HOG Stories - D\u00e9fi de kilom\u00e9trage annuel - Canada fran\u00e7ais","robots":{"index":"index","follow":"follow","max-snippet":"max-snippet:-1","max-image-preview":"max-image-preview:large","max-video-preview":"max-video-preview:-1"},"canonical":"https:\/\/hogstories.harley-davidson.com\/fr-ca\/annual-mileage-challenge\/","og_locale":"fr_CA","og_type":"article","og_title":"HOG Stories - D\u00e9fi de kilom\u00e9trage annuel - Canada fran\u00e7ais","og_description":"Roulez plus, gagnez plus et c\u00e9l\u00e9brez chaque kilom\u00e8tre. Pour commencer, il suffit de passer chez votre concessionnaire H-D\u00ae deux fois par ann\u00e9e pour la lecture de l\u2019odom\u00e8tre et inscrire vos [&hellip;]","og_url":"https:\/\/hogstories.harley-davidson.com\/fr-ca\/annual-mileage-challenge\/","og_site_name":"Canada fran\u00e7ais","article_modified_time":"2026-03-27T15:04:30+00:00","og_image":[{"width":2000,"height":1334,"url":"https:\/\/hogstories.harley-davidson.com\/fr-ca\/wp-content\/uploads\/2025\/05\/my24-flhx-riding-0703-jk-2000px.jpg","type":"image\/jpeg"}],"twitter_card":"summary_large_image","twitter_misc":{"Estimation du temps de lecture":"3 minutes"},"schema":{"@context":"https:\/\/schema.org","@graph":[{"@type":"WebPage","@id":"https:\/\/hogstories.harley-davidson.com\/fr-ca\/annual-mileage-challenge\/","url":"https:\/\/hogstories.harley-davidson.com\/fr-ca\/annual-mileage-challenge\/","name":"HOG Stories - D\u00e9fi de kilom\u00e9trage annuel - Canada fran\u00e7ais","isPartOf":{"@id":"https:\/\/hogstories.harley-davidson.com\/fr-ca\/#website"},"primaryImageOfPage":{"@id":"https:\/\/hogstories.harley-davidson.com\/fr-ca\/annual-mileage-challenge\/#primaryimage"},"image":{"@id":"https:\/\/hogstories.harley-davidson.com\/fr-ca\/annual-mileage-challenge\/#primaryimage"},"thumbnailUrl":"https:\/\/hogstories.harley-davidson.com\/fr-ca\/wp-content\/uploads\/2025\/05\/my24-flhx-riding-0703-jk-2000px.jpg","datePublished":"2025-05-23T15:52:05+00:00","dateModified":"2026-03-27T15:04:30+00:00","breadcrumb":{"@id":"https:\/\/hogstories.harley-davidson.com\/fr-ca\/annual-mileage-challenge\/#breadcrumb"},"inLanguage":"fr-CA","potentialAction":[{"@type":"ReadAction","target":["https:\/\/hogstories.harley-davidson.com\/fr-ca\/annual-mileage-challenge\/"]}]},{"@type":"ImageObject","inLanguage":"fr-CA","@id":"https:\/\/hogstories.harley-davidson.com\/fr-ca\/annual-mileage-challenge\/#primaryimage","url":"https:\/\/hogstories.harley-davidson.com\/fr-ca\/wp-content\/uploads\/2025\/05\/my24-flhx-riding-0703-jk-2000px.jpg","contentUrl":"https:\/\/hogstories.harley-davidson.com\/fr-ca\/wp-content\/uploads\/2025\/05\/my24-flhx-riding-0703-jk-2000px.jpg","width":2000,"height":1334},{"@type":"BreadcrumbList","@id":"https:\/\/hogstories.harley-davidson.com\/fr-ca\/annual-mileage-challenge\/#breadcrumb","itemListElement":[{"@type":"ListItem","position":1,"name":"Home","item":"https:\/\/hogstories.harley-davidson.com\/fr-ca\/"},{"@type":"ListItem","position":2,"name":"D\u00e9fi de kilom\u00e9trage annuel"}]},{"@type":"WebSite","@id":"https:\/\/hogstories.harley-davidson.com\/fr-ca\/#website","url":"https:\/\/hogstories.harley-davidson.com\/fr-ca\/","name":"Harley Owners Group - Canadian French","description":"","publisher":{"@id":"https:\/\/hogstories.harley-davidson.com\/fr-ca\/#organization"},"potentialAction":[{"@type":"SearchAction","target":{"@type":"EntryPoint","urlTemplate":"https:\/\/hogstories.harley-davidson.com\/fr-ca\/?s={search_term_string}"},"query-input":{"@type":"PropertyValueSpecification","valueRequired":true,"valueName":"search_term_string"}}],"inLanguage":"fr-CA"},{"@type":"Organization","@id":"https:\/\/hogstories.harley-davidson.com\/fr-ca\/#organization","name":"Harley Owners Group","url":"https:\/\/hogstories.harley-davidson.com\/fr-ca\/","logo":{"@type":"ImageObject","inLanguage":"fr-CA","@id":"https:\/\/hogstories.harley-davidson.com\/fr-ca\/#\/schema\/logo\/image\/","url":"https:\/\/hogstories.harley-davidson.com\/fr-ca\/wp-content\/uploads\/2024\/10\/vagabond6.jpg","contentUrl":"https:\/\/hogstories.harley-davidson.com\/fr-ca\/wp-content\/uploads\/2024\/10\/vagabond6.jpg","width":900,"height":900,"caption":"Harley Owners Group"},"image":{"@id":"https:\/\/hogstories.harley-davidson.com\/fr-ca\/#\/schema\/logo\/image\/"}}]}},"_links":{"self":[{"href":"https:\/\/hogstories.harley-davidson.com\/fr-ca\/wp-json\/wp\/v2\/pages\/6546","targetHints":{"allow":["GET"]}}],"collection":[{"href":"https:\/\/hogstories.harley-davidson.com\/fr-ca\/wp-json\/wp\/v2\/pages"}],"about":[{"href":"https:\/\/hogstories.harley-davidson.com\/fr-ca\/wp-json\/wp\/v2\/types\/page"}],"author":[{"embeddable":true,"href":"https:\/\/hogstories.harley-davidson.com\/fr-ca\/wp-json\/wp\/v2\/users\/2"}],"replies":[{"embeddable":true,"href":"https:\/\/hogstories.harley-davidson.com\/fr-ca\/wp-json\/wp\/v2\/comments?post=6546"}],"version-history":[{"count":5,"href":"https:\/\/hogstories.harley-davidson.com\/fr-ca\/wp-json\/wp\/v2\/pages\/6546\/revisions"}],"predecessor-version":[{"id":8671,"href":"https:\/\/hogstories.harley-davidson.com\/fr-ca\/wp-json\/wp\/v2\/pages\/6546\/revisions\/8671"}],"wp:featuredmedia":[{"embeddable":true,"href":"https:\/\/hogstories.harley-davidson.com\/fr-ca\/wp-json\/wp\/v2\/media\/2789"}],"wp:attachment":[{"href":"https:\/\/hogstories.harley-davidson.com\/fr-ca\/wp-json\/wp\/v2\/media?parent=6546"}],"curies":[{"name":"wp","href":"https:\/\/api.w.org\/{rel}","templated":true}]}}