{"id":6631,"date":"2025-05-23T11:56:59","date_gmt":"2025-05-23T15:56:59","guid":{"rendered":"https:\/\/hogstories.harley-davidson.com\/?page_id=5867"},"modified":"2026-03-27T12:27:30","modified_gmt":"2026-03-27T16:27:30","slug":"10-rides-for-this-year","status":"publish","type":"page","link":"https:\/\/hogstories.harley-davidson.com\/fr-ca\/10-rides-for-this-year\/","title":{"rendered":"10\u00a0RANDONN\u00c9ES POUR 2026"},"content":{"rendered":"\n<p class=\"intro\">10&nbsp;routes embl\u00e9matiques. 10&nbsp;pi\u00e8ces comm\u00e9moratives exclusives. Une saison de moto inoubliable.<\/p>\n\n\n\n<p class=\"has-text-align-left\">Nous avons choisi soigneusement 10&nbsp;randonn\u00e9es inoubliables \u00e0 travers le Canada pour 2026, chacune con\u00e7ue pour rehausser vos aventures sur deux roues.<\/p>\n\n\n\n<p><strong>Voici comment \u00e7a marche&nbsp;:<\/strong><br>Suivez n\u2019importe laquelle des routes, prenez une photo de vous pr\u00e9sentant le guide des avantages de cette ann\u00e9e \u00e0 l\u2019emplacement d\u2019inscription d\u00e9sign\u00e9 (\u00e9num\u00e9r\u00e9 dans le guide) et t\u00e9l\u00e9versez la photo au moyen du bouton ci-dessous.<\/p>\n\n\n\n<p>Effectuez une randonn\u00e9e et gagnez&nbsp;:<\/p>\n\n\n\n<ul class=\"wp-block-list\">\n<li>Un <strong>insigne num\u00e9rique<\/strong> pour marquer votre exploit<\/li>\n\n\n\n<li>Une <strong>pi\u00e8ce comm\u00e9morative sp\u00e9cialement command\u00e9e<\/strong> pour c\u00e9l\u00e9brer chaque randonn\u00e9e<\/li>\n<\/ul>\n\n\n\n<p class=\"has-text-align-left\"><strong>Explorez la liste des randonn\u00e9es 2026<\/strong><br>Cliquez sur chaque randonn\u00e9e ci-dessous pour voir la route dans le planificateur d\u2019itin\u00e9raire H-D\u00ae et la t\u00e9l\u00e9charger directement dans votre GPS.<\/p>\n\n\n\n<ul class=\"wp-block-list\">\n<li><a href=\"https:\/\/maps.harley-davidson.com\/share\/rides\/XBaqMOrRUO\" target=\"_blank\" rel=\"noreferrer noopener nofollow\"><strong>La Rivi\u00e8re Fraser Et Le Lac Alouette<\/strong>&nbsp;\u2013 Colombie-Britannique<\/a><\/li>\n\n\n\n<li><a href=\"https:\/\/maps.harley-davidson.com\/share\/rides\/XTOJMPm_ss\" target=\"_blank\" rel=\"noreferrer noopener nofollow\"><strong>La Route David Thompson<\/strong>&nbsp;\u2013 Alberta<\/a><\/li>\n\n\n\n<li><a href=\"https:\/\/maps.harley-davidson.com\/share\/rides\/4TVIV5DrsO\" target=\"_blank\" rel=\"noreferrer noopener nofollow\"><strong>Les Badlands De Big Muddy<\/strong>&nbsp;\u2013 Saskatchewan<\/a><\/li>\n\n\n\n<li><a href=\"https:\/\/maps.harley-davidson.com\/share\/rides\/lBkkrpbrUU\" target=\"_blank\" rel=\"noreferrer noopener nofollow\"><strong>Boucle De Powerview\u2013Pine Falls<\/strong>&nbsp;\u2013 Manitoba<\/a><\/li>\n\n\n\n<li><a href=\"https:\/\/maps.harley-davidson.com\/share\/rides\/cBce0cm_sU\" target=\"_blank\" rel=\"noreferrer noopener nofollow\"><strong>La Grande Boucle Des Grands Lacs<\/strong>&nbsp;\u2013 Ontario<\/a><\/li>\n\n\n\n<li><a href=\"https:\/\/maps.harley-davidson.com\/share\/rides\/cNp8C0Hres\" target=\"_blank\" rel=\"noreferrer noopener nofollow\"><strong>De Trois-Rivi\u00e8res \u00c0 Lac-\u00c9douar<\/strong>\u2013 Qu\u00e9bec<\/a><\/li>\n\n\n\n<li><a href=\"https:\/\/maps.harley-davidson.com\/share\/rides\/XNPttQHRUU\" target=\"_blank\" rel=\"noreferrer noopener nofollow\"><strong>D\u2019edmundston \u00c0 Moncton En Passant Par Fundy\u2013St. Martins<\/strong>&nbsp;\u2013 Nouveau-Brunswick<\/a><\/li>\n\n\n\n<li><a href=\"https:\/\/maps.harley-davidson.com\/share\/rides\/lNZcBTbDUe\" target=\"_blank\" rel=\"noreferrer noopener nofollow\"><strong>De Truro \u00c0 Halifax En Passant Par Le Parc Burntcoat Head<\/strong>&nbsp;\u2013 Nouvelle-\u00c9cosse<\/a><\/li>\n\n\n\n<li><a href=\"https:\/\/maps.harley-davidson.com\/share\/rides\/XNctbNmbUO\" target=\"_blank\" rel=\"noreferrer noopener nofollow\"><strong>De Borden-Carlton \u00c0 Wood Islands<\/strong>&nbsp;\u2013 \u00cele-Du-Prince-\u00c9douard<\/a><\/li>\n\n\n\n<li><a href=\"https:\/\/maps.harley-davidson.com\/share\/rides\/cBCnBO2Dee\" target=\"_blank\" rel=\"noreferrer noopener nofollow\"><strong>De Corner Brook \u00c0 St. Anthony<\/strong>&nbsp;\u2013 Terre-Neuve Et Labrador<\/a><\/li>\n<\/ul>\n\n\n\n<p class=\"has-text-align-left\">Tous les d\u00e9tails des randonn\u00e9es se retrouvent dans <a href=\"https:\/\/s3.us-east-1.amazonaws.com\/fonteva-customer-media\/00Dj0000000HVTSEA4\/MzRvAAJT_24_11_CA_Benefits_guide_comp_FINAL_FOR_REF_pdf\" target=\"_blank\" rel=\"noreferrer noopener nofollow\">le guide des avantages&nbsp;2026<\/a>.<\/p>\n\n\n\n<p class=\"has-text-align-left\"><\/p>\n\n\n\n<div class=\"wp-block-buttons is-layout-flex wp-block-buttons-is-layout-flex\">\n<div class=\"wp-block-button\"><a class=\"wp-block-button__link wp-element-button\" href=\"https:\/\/members.harley-davidson.com\/en_CA\/HOG\/HDMN_Ride365\" target=\"_blank\" rel=\"noreferrer noopener nofollow\">SOUMETTRE DES PHOTOS<\/a><\/div>\n<\/div>\n\n\n\n<p><\/p>\n\n\n\n<p><\/p>\n\n\n\n<p><a href=\"https:\/\/hogstories.harley-davidson.com\/fr-ca\/wp-content\/uploads\/2026\/03\/CAN-Terms-and-Conditions-10-Rides-for-26-Challenge_FR.pdf\" target=\"_blank\" rel=\"noreferrer noopener nofollow\">Des conditions g\u00e9n\u00e9rales s&#8217;appliquent<\/a><\/p>\n\n\n<div class=\"cta\">\n\t<div>\n\t\t<h2>Sugg\u00e9rez des randonn\u00e9es et des destinations pour l\u2019ann\u00e9e prochaine<\/h2>\n\t<\/div>\n\t<div>\n\t\t\t<p class=\"btn\"><a class=\"button\" href=\"https:\/\/hogstories.harley-davidson.com\/share-your-photos-and-stories-from-the-road\/\" target=\"_self\">SOUMETTRE<\/a><\/p>\n\t\t<\/div>\n<\/div>\n\n\n\n<p><\/p>\n","protected":false},"excerpt":{"rendered":"<p>10&nbsp;routes embl\u00e9matiques. 10&nbsp;pi\u00e8ces comm\u00e9moratives exclusives. Une saison de moto inoubliable. Nous avons choisi soigneusement 10&nbsp;randonn\u00e9es inoubliables \u00e0 travers le Canada pour 2026, chacune con\u00e7ue pour rehausser vos aventures sur deux [&hellip;]<\/p>\n","protected":false},"author":2,"featured_media":6875,"parent":0,"menu_order":0,"comment_status":"closed","ping_status":"closed","template":"page-full-width.php","meta":{"_acf_changed":false,"footnotes":""},"class_list":["post-6631","page","type-page","status-publish","has-post-thumbnail","hentry"],"acf":[],"yoast_head":"<!-- This site is optimized with the Yoast SEO plugin v26.5 - https:\/\/yoast.com\/wordpress\/plugins\/seo\/ -->\n<title>HOG Stories - 10\u00a0RANDONN\u00c9ES POUR 2026 - Canada fran\u00e7ais<\/title>\n<meta name=\"robots\" content=\"index, follow, max-snippet:-1, max-image-preview:large, max-video-preview:-1\" \/>\n<link rel=\"canonical\" href=\"https:\/\/hogstories.harley-davidson.com\/fr-ca\/10-rides-for-this-year\/\" \/>\n<meta property=\"og:locale\" content=\"fr_CA\" \/>\n<meta property=\"og:type\" content=\"article\" \/>\n<meta property=\"og:title\" content=\"HOG Stories - 10\u00a0RANDONN\u00c9ES POUR 2026 - Canada fran\u00e7ais\" \/>\n<meta property=\"og:description\" content=\"10&nbsp;routes embl\u00e9matiques. 10&nbsp;pi\u00e8ces comm\u00e9moratives exclusives. Une saison de moto inoubliable. Nous avons choisi soigneusement 10&nbsp;randonn\u00e9es inoubliables \u00e0 travers le Canada pour 2026, chacune con\u00e7ue pour rehausser vos aventures sur deux [&hellip;]\" \/>\n<meta property=\"og:url\" content=\"https:\/\/hogstories.harley-davidson.com\/fr-ca\/10-rides-for-this-year\/\" \/>\n<meta property=\"og:site_name\" content=\"Canada fran\u00e7ais\" \/>\n<meta property=\"article:modified_time\" content=\"2026-03-27T16:27:30+00:00\" \/>\n<meta property=\"og:image\" content=\"https:\/\/hogstories.harley-davidson.com\/fr-ca\/wp-content\/uploads\/2025\/11\/header-10-for-26.jpg\" \/>\n\t<meta property=\"og:image:width\" content=\"2000\" \/>\n\t<meta property=\"og:image:height\" content=\"1125\" \/>\n\t<meta property=\"og:image:type\" content=\"image\/jpeg\" \/>\n<meta name=\"twitter:card\" content=\"summary_large_image\" \/>\n<meta name=\"twitter:label1\" content=\"Estimation du temps de lecture\" \/>\n\t<meta name=\"twitter:data1\" content=\"2 minutes\" \/>\n<script type=\"application\/ld+json\" class=\"yoast-schema-graph\">{\"@context\":\"https:\/\/schema.org\",\"@graph\":[{\"@type\":\"WebPage\",\"@id\":\"https:\/\/hogstories.harley-davidson.com\/fr-ca\/10-rides-for-this-year\/\",\"url\":\"https:\/\/hogstories.harley-davidson.com\/fr-ca\/10-rides-for-this-year\/\",\"name\":\"HOG Stories - 10\u00a0RANDONN\u00c9ES POUR 2026 - Canada fran\u00e7ais\",\"isPartOf\":{\"@id\":\"https:\/\/hogstories.harley-davidson.com\/fr-ca\/#website\"},\"primaryImageOfPage\":{\"@id\":\"https:\/\/hogstories.harley-davidson.com\/fr-ca\/10-rides-for-this-year\/#primaryimage\"},\"image\":{\"@id\":\"https:\/\/hogstories.harley-davidson.com\/fr-ca\/10-rides-for-this-year\/#primaryimage\"},\"thumbnailUrl\":\"https:\/\/hogstories.harley-davidson.com\/fr-ca\/wp-content\/uploads\/2025\/11\/header-10-for-26.jpg\",\"datePublished\":\"2025-05-23T15:56:59+00:00\",\"dateModified\":\"2026-03-27T16:27:30+00:00\",\"breadcrumb\":{\"@id\":\"https:\/\/hogstories.harley-davidson.com\/fr-ca\/10-rides-for-this-year\/#breadcrumb\"},\"inLanguage\":\"fr-CA\",\"potentialAction\":[{\"@type\":\"ReadAction\",\"target\":[\"https:\/\/hogstories.harley-davidson.com\/fr-ca\/10-rides-for-this-year\/\"]}]},{\"@type\":\"ImageObject\",\"inLanguage\":\"fr-CA\",\"@id\":\"https:\/\/hogstories.harley-davidson.com\/fr-ca\/10-rides-for-this-year\/#primaryimage\",\"url\":\"https:\/\/hogstories.harley-davidson.com\/fr-ca\/wp-content\/uploads\/2025\/11\/header-10-for-26.jpg\",\"contentUrl\":\"https:\/\/hogstories.harley-davidson.com\/fr-ca\/wp-content\/uploads\/2025\/11\/header-10-for-26.jpg\",\"width\":2000,\"height\":1125},{\"@type\":\"BreadcrumbList\",\"@id\":\"https:\/\/hogstories.harley-davidson.com\/fr-ca\/10-rides-for-this-year\/#breadcrumb\",\"itemListElement\":[{\"@type\":\"ListItem\",\"position\":1,\"name\":\"Home\",\"item\":\"https:\/\/hogstories.harley-davidson.com\/fr-ca\/\"},{\"@type\":\"ListItem\",\"position\":2,\"name\":\"10\u00a0RANDONN\u00c9ES POUR 2026\"}]},{\"@type\":\"WebSite\",\"@id\":\"https:\/\/hogstories.harley-davidson.com\/fr-ca\/#website\",\"url\":\"https:\/\/hogstories.harley-davidson.com\/fr-ca\/\",\"name\":\"Harley Owners Group - Canadian French\",\"description\":\"\",\"publisher\":{\"@id\":\"https:\/\/hogstories.harley-davidson.com\/fr-ca\/#organization\"},\"potentialAction\":[{\"@type\":\"SearchAction\",\"target\":{\"@type\":\"EntryPoint\",\"urlTemplate\":\"https:\/\/hogstories.harley-davidson.com\/fr-ca\/?s={search_term_string}\"},\"query-input\":{\"@type\":\"PropertyValueSpecification\",\"valueRequired\":true,\"valueName\":\"search_term_string\"}}],\"inLanguage\":\"fr-CA\"},{\"@type\":\"Organization\",\"@id\":\"https:\/\/hogstories.harley-davidson.com\/fr-ca\/#organization\",\"name\":\"Harley Owners Group\",\"url\":\"https:\/\/hogstories.harley-davidson.com\/fr-ca\/\",\"logo\":{\"@type\":\"ImageObject\",\"inLanguage\":\"fr-CA\",\"@id\":\"https:\/\/hogstories.harley-davidson.com\/fr-ca\/#\/schema\/logo\/image\/\",\"url\":\"https:\/\/hogstories.harley-davidson.com\/fr-ca\/wp-content\/uploads\/2024\/10\/vagabond6.jpg\",\"contentUrl\":\"https:\/\/hogstories.harley-davidson.com\/fr-ca\/wp-content\/uploads\/2024\/10\/vagabond6.jpg\",\"width\":900,\"height\":900,\"caption\":\"Harley Owners Group\"},\"image\":{\"@id\":\"https:\/\/hogstories.harley-davidson.com\/fr-ca\/#\/schema\/logo\/image\/\"}}]}<\/script>\n<!-- \/ Yoast SEO plugin. -->","yoast_head_json":{"title":"HOG Stories - 10\u00a0RANDONN\u00c9ES POUR 2026 - Canada fran\u00e7ais","robots":{"index":"index","follow":"follow","max-snippet":"max-snippet:-1","max-image-preview":"max-image-preview:large","max-video-preview":"max-video-preview:-1"},"canonical":"https:\/\/hogstories.harley-davidson.com\/fr-ca\/10-rides-for-this-year\/","og_locale":"fr_CA","og_type":"article","og_title":"HOG Stories - 10\u00a0RANDONN\u00c9ES POUR 2026 - Canada fran\u00e7ais","og_description":"10&nbsp;routes embl\u00e9matiques. 10&nbsp;pi\u00e8ces comm\u00e9moratives exclusives. Une saison de moto inoubliable. Nous avons choisi soigneusement 10&nbsp;randonn\u00e9es inoubliables \u00e0 travers le Canada pour 2026, chacune con\u00e7ue pour rehausser vos aventures sur deux [&hellip;]","og_url":"https:\/\/hogstories.harley-davidson.com\/fr-ca\/10-rides-for-this-year\/","og_site_name":"Canada fran\u00e7ais","article_modified_time":"2026-03-27T16:27:30+00:00","og_image":[{"width":2000,"height":1125,"url":"https:\/\/hogstories.harley-davidson.com\/fr-ca\/wp-content\/uploads\/2025\/11\/header-10-for-26.jpg","type":"image\/jpeg"}],"twitter_card":"summary_large_image","twitter_misc":{"Estimation du temps de lecture":"2 minutes"},"schema":{"@context":"https:\/\/schema.org","@graph":[{"@type":"WebPage","@id":"https:\/\/hogstories.harley-davidson.com\/fr-ca\/10-rides-for-this-year\/","url":"https:\/\/hogstories.harley-davidson.com\/fr-ca\/10-rides-for-this-year\/","name":"HOG Stories - 10\u00a0RANDONN\u00c9ES POUR 2026 - Canada fran\u00e7ais","isPartOf":{"@id":"https:\/\/hogstories.harley-davidson.com\/fr-ca\/#website"},"primaryImageOfPage":{"@id":"https:\/\/hogstories.harley-davidson.com\/fr-ca\/10-rides-for-this-year\/#primaryimage"},"image":{"@id":"https:\/\/hogstories.harley-davidson.com\/fr-ca\/10-rides-for-this-year\/#primaryimage"},"thumbnailUrl":"https:\/\/hogstories.harley-davidson.com\/fr-ca\/wp-content\/uploads\/2025\/11\/header-10-for-26.jpg","datePublished":"2025-05-23T15:56:59+00:00","dateModified":"2026-03-27T16:27:30+00:00","breadcrumb":{"@id":"https:\/\/hogstories.harley-davidson.com\/fr-ca\/10-rides-for-this-year\/#breadcrumb"},"inLanguage":"fr-CA","potentialAction":[{"@type":"ReadAction","target":["https:\/\/hogstories.harley-davidson.com\/fr-ca\/10-rides-for-this-year\/"]}]},{"@type":"ImageObject","inLanguage":"fr-CA","@id":"https:\/\/hogstories.harley-davidson.com\/fr-ca\/10-rides-for-this-year\/#primaryimage","url":"https:\/\/hogstories.harley-davidson.com\/fr-ca\/wp-content\/uploads\/2025\/11\/header-10-for-26.jpg","contentUrl":"https:\/\/hogstories.harley-davidson.com\/fr-ca\/wp-content\/uploads\/2025\/11\/header-10-for-26.jpg","width":2000,"height":1125},{"@type":"BreadcrumbList","@id":"https:\/\/hogstories.harley-davidson.com\/fr-ca\/10-rides-for-this-year\/#breadcrumb","itemListElement":[{"@type":"ListItem","position":1,"name":"Home","item":"https:\/\/hogstories.harley-davidson.com\/fr-ca\/"},{"@type":"ListItem","position":2,"name":"10\u00a0RANDONN\u00c9ES POUR 2026"}]},{"@type":"WebSite","@id":"https:\/\/hogstories.harley-davidson.com\/fr-ca\/#website","url":"https:\/\/hogstories.harley-davidson.com\/fr-ca\/","name":"Harley Owners Group - Canadian French","description":"","publisher":{"@id":"https:\/\/hogstories.harley-davidson.com\/fr-ca\/#organization"},"potentialAction":[{"@type":"SearchAction","target":{"@type":"EntryPoint","urlTemplate":"https:\/\/hogstories.harley-davidson.com\/fr-ca\/?s={search_term_string}"},"query-input":{"@type":"PropertyValueSpecification","valueRequired":true,"valueName":"search_term_string"}}],"inLanguage":"fr-CA"},{"@type":"Organization","@id":"https:\/\/hogstories.harley-davidson.com\/fr-ca\/#organization","name":"Harley Owners Group","url":"https:\/\/hogstories.harley-davidson.com\/fr-ca\/","logo":{"@type":"ImageObject","inLanguage":"fr-CA","@id":"https:\/\/hogstories.harley-davidson.com\/fr-ca\/#\/schema\/logo\/image\/","url":"https:\/\/hogstories.harley-davidson.com\/fr-ca\/wp-content\/uploads\/2024\/10\/vagabond6.jpg","contentUrl":"https:\/\/hogstories.harley-davidson.com\/fr-ca\/wp-content\/uploads\/2024\/10\/vagabond6.jpg","width":900,"height":900,"caption":"Harley Owners Group"},"image":{"@id":"https:\/\/hogstories.harley-davidson.com\/fr-ca\/#\/schema\/logo\/image\/"}}]}},"_links":{"self":[{"href":"https:\/\/hogstories.harley-davidson.com\/fr-ca\/wp-json\/wp\/v2\/pages\/6631","targetHints":{"allow":["GET"]}}],"collection":[{"href":"https:\/\/hogstories.harley-davidson.com\/fr-ca\/wp-json\/wp\/v2\/pages"}],"about":[{"href":"https:\/\/hogstories.harley-davidson.com\/fr-ca\/wp-json\/wp\/v2\/types\/page"}],"author":[{"embeddable":true,"href":"https:\/\/hogstories.harley-davidson.com\/fr-ca\/wp-json\/wp\/v2\/users\/2"}],"replies":[{"embeddable":true,"href":"https:\/\/hogstories.harley-davidson.com\/fr-ca\/wp-json\/wp\/v2\/comments?post=6631"}],"version-history":[{"count":10,"href":"https:\/\/hogstories.harley-davidson.com\/fr-ca\/wp-json\/wp\/v2\/pages\/6631\/revisions"}],"predecessor-version":[{"id":8685,"href":"https:\/\/hogstories.harley-davidson.com\/fr-ca\/wp-json\/wp\/v2\/pages\/6631\/revisions\/8685"}],"wp:featuredmedia":[{"embeddable":true,"href":"https:\/\/hogstories.harley-davidson.com\/fr-ca\/wp-json\/wp\/v2\/media\/6875"}],"wp:attachment":[{"href":"https:\/\/hogstories.harley-davidson.com\/fr-ca\/wp-json\/wp\/v2\/media?parent=6631"}],"curies":[{"name":"wp","href":"https:\/\/api.w.org\/{rel}","templated":true}]}}