{"id":7433,"date":"2025-12-17T10:18:19","date_gmt":"2025-12-17T09:18:19","guid":{"rendered":"https:\/\/hogstories.harley-davidson.com\/en-eu\/?page_id=9759"},"modified":"2026-03-03T10:04:41","modified_gmt":"2026-03-03T15:04:41","slug":"riding-route-inspiration-old","status":"publish","type":"page","link":"https:\/\/hogstories.harley-davidson.com\/fr-ca\/riding-route-inspiration-old\/","title":{"rendered":"Trajets recommand\u00e9s &#8211; old"},"content":{"rendered":"\n<p class=\"intro\">Votre prochaine aventure vous attend ! D\u00e9couvrez nos recommandations pour explorer les routes avec votre Harley-Davidson<\/p>\n\n\n\n<p class=\"has-text-align-left\">L\u2019un des points forts de notre communaut\u00e9 est de recommander des sorties inoubliables, ainsi que partager des parcours pour les autres membres. Que l\u2019aventure vous appelle pr\u00e8s de chez vous ou de l\u2019autre c\u00f4t\u00e9 du globe, notre guide a forc\u00e9ment une id\u00e9e de voyage pour vous. Toutes les pr\u00e9sentations contiennent un aper\u00e7u du circuit ainsi que des recommandations d\u2019escales en cours de route.<\/p>\n\n\n\n<details class=\"wp-block-details is-layout-flow wp-block-details-is-layout-flow\"><summary><strong>Canada<\/strong><\/summary>\n<ul class=\"wp-block-list\">\n<li><strong><a href=\"https:\/\/hogstories.harley-davidson.com\/fr-ca\/elbow-falls-et-forgetmenot-pond\">Elbow Falls et Forgetmenot Pond, Alberta, 65 km<\/a><\/strong><br>Cette petite vir\u00e9e aller-retour est une belle option pour les jours o\u00f9 vous avez besoin d&rsquo;une mini-th\u00e9rapie \u00e9olienne malgr\u00e9 le peu de temps de vous disposer.<\/li>\n\n\n\n<li><strong><a href=\"https:\/\/hogstories.harley-davidson.com\/fr-ca\/col-highwood-kananaskis-trail\">Col Highwood\/Kananaskis Trail, Alberta, 177 km<br><\/a><\/strong>La portion du col Highwood du circuit Kananaskis Trail est la plus haute route pav\u00e9e au Canada; elle atteint 2 206 m\u00e8tres au-dessus de niveau de la mer. Ne vous laissez pas tromper par la courte distance \u2013 c&rsquo;est une randonn\u00e9e qui m\u00e9rite d&rsquo;\u00eatre savour\u00e9e lentement.<\/li>\n\n\n\n<li><strong><a href=\"https:\/\/hogstories.harley-davidson.com\/fr-ca\/sentier-de-la-ruee-vers-lor\/\">Sentier de la ru\u00e9e vers l\u2019or, Colombie-Britannique, 743 km<\/a><\/strong><br>Les chercheurs d\u2019or qui ont \u00e9t\u00e9 les premiers \u00e0 emprunter ce trajet dans les ann\u00e9es 1850 et 1860 vous envieront s\u00fbrement le temps que prendrez \u00e0 le parcourir au guidon de votre Harley-Davidson<sup>\u00ae<\/sup>.<\/li>\n\n\n\n<li><strong><a href=\"https:\/\/hogstories.harley-davidson.com\/fr-ca\/pacific-rim-highway\/\">Pacific Rim Highway, Colombie-Britannique, 170 km<\/a><\/strong><br>Cette randonn\u00e9e splendide \u00e0 travers l\u2019\u00eele de Vancouver vous m\u00e8nera des rives prot\u00e9g\u00e9es de Parksville et de Qualicum Beach au littoral sauvage du Pacifique \u00e0 Tofino.<\/li>\n\n\n\n<li><strong><a href=\"https:\/\/hogstories.harley-davidson.com\/fr-ca\/de-winnipeg-au-lac-falcon\/\">De Winnipeg au lac Falcon, Manitoba, 136 km<\/a><\/strong><br>Au menu d\u2019aujourd\u2019hui\u202f: magasiner et r\u00eaver chez Winnipeg Harley-Davidson. Puis quand vient le temps de remonter la b\u00e9quille, filez vers l\u2019est sur le Highway 1 et vos t\u00e2ches de navigation seront essentiellement termin\u00e9es pour la journ\u00e9e.<\/li>\n\n\n\n<li><strong><a href=\"https:\/\/hogstories.harley-davidson.com\/fr-ca\/de-saint-john-a-moncton-sur-la-route-du-littoral-de-fundy\/\">De Saint John \u00e0 Moncton sur la Route du littoral de Fundy, Nouveau-Brunswick, 212 km<\/a><\/strong><br>Ce parcours \u00e0 moto vous donne acc\u00e8s \u00e0 quelques-unes des principales attractions touristiques du Nouveau-Brunswick en une journ\u00e9e d\u2019aventure le long du littoral.<\/li>\n\n\n\n<li><strong><a href=\"https:\/\/hogstories.harley-davidson.com\/fr-ca\/edmundston-to-st-andrews\/\">D\u2019Edmundston \u00e0 St. Andrews, Nouveau-Brunswick, 347 km<\/a><\/strong><br>Cet itin\u00e9raire enchanteur vous conduit d\u2019Edmundston, \u00e0 l&rsquo;extr\u00e9mit\u00e9 nord-ouest de la province, jusqu&rsquo;\u00e0 Saint Andrews, \u00e0 l&rsquo;extr\u00e9mit\u00e9 sud-ouest.<\/li>\n\n\n\n<li><strong><a href=\"https:\/\/hogstories.harley-davidson.com\/fr-ca\/port-aux-basques-a-gander-via-gros-morne\/\">Port aux Basques to Gander via Gros Morne, Terre-Neuve-et-Labrador, 639 km<\/a><\/strong><br>Bien qu&rsquo;il soit th\u00e9oriquement possible de parcourir cet itin\u00e9raire en une journ\u00e9e en selle, il vaut la peine d\u2019y consacrer un week-end pour avoir le temps d&rsquo;explorer le parc national du Gros-Morne. Ce site du patrimoine mondial de l&rsquo;UNESCO r\u00e9sulte de la collision de plaques continentales lors de la formation de l&rsquo;Am\u00e9rique du Nord.<\/li>\n\n\n\n<li><strong><a href=\"https:\/\/hogstories.harley-davidson.com\/fr-ca\/de-st-johns-a-old-perlican\/\">De St. John\u2019s \u00e0 Old Perlican, Terre-Neuve-et-Labrador, 165 km<br><\/a><\/strong>Cette courte randonn\u00e9e \u00e0 travers la presqu\u2019\u00eele Avalon d\u00e9bute \u00e0 St. John\u2019s, la capitale de Terre-Neuve-et-Labrador. Mais d\u00e9j\u00e0 vous laisserez derri\u00e8re vous la vie urbaine afin de rouler entre les nombreux petits villages qui jalonnent la c\u00f4te est du Canada.<\/li>\n\n\n\n<li><strong><a href=\"https:\/\/hogstories.harley-davidson.com\/fr-ca\/de-halifax-a-antigonish-via-sherbrooke-village\/\">De Halifax \u00e0 Antigonish via Sherbrooke Village, Nouvelle-\u00c9cosse, 266 km<\/a><\/strong><br>Ce trajet sinueux suit la c\u00f4te est accident\u00e9e de la Nouvelle-\u00c9cosse, de Halifax \u00e0 Sherbrooke Village, avant de vous diriger vers l\u2019int\u00e9rieur des terres jusqu\u2019\u00e0 Antigonish.<\/li>\n\n\n\n<li><strong><a href=\"https:\/\/hogstories.harley-davidson.com\/fr-ca\/de-port-hawkesbury-a-louisbourg\/\">De Port Hawkesbury \u00e0 Louisbourg, Nouvelle-\u00c9cosse, 172 km<\/a><\/strong><br>Cette vir\u00e9e, qui peut se faire en \u00e0 peine un peu plus de deux heures, est peut-\u00eatre courte, mais elle vous r\u00e9serve des paysages incroyables et deux lieux historiques nationaux si bien que vous voudrez faire plus d\u2019une halte.<\/li>\n\n\n\n<li><strong><a href=\"https:\/\/hogstories.harley-davidson.com\/fr-ca\/highlands-loop\/\">Boucle des Highlands, Ontario, 1,038 km<\/a><\/strong><br>Pr\u00e9voyez au moins trois pleines journ\u00e9es pour ce trajet \u00e9pique qui commence juste \u00e0 la sortie d\u2019Ottawa.<\/li>\n\n\n\n<li><strong><a href=\"https:\/\/hogstories.harley-davidson.com\/fr-ca\/the-big-loop-muskoka\/\">La Grande Boucle, Muskoka, Ontario, 886 km<\/a><\/strong><br>Ce long trajet offre le summum en mati\u00e8re de randonn\u00e9e \u00e0 moto en Ontario, juste au nord de Toronto, \u00e0 travers la r\u00e9gion des chalets et le Bouclier canadien.<\/li>\n\n\n\n<li><strong><a href=\"https:\/\/hogstories.harley-davidson.com\/fr-ca\/borden-carleton-to-east-point\/\">Borden-Carleton \u00e0 East Point, \u00cele-du-Prince-\u00c9douard, 154 km<\/a><\/strong><br>Cette \u00e9quip\u00e9e \u00e0 moto commence \u00e0 la porte d&rsquo;entr\u00e9e de l&rsquo;\u00cele-du-Prince-\u00c9douard, \u00e0 Borden-Carleton, au pied du pont de la Conf\u00e9d\u00e9ration.<\/li>\n\n\n\n<li><strong><a href=\"https:\/\/hogstories.harley-davidson.com\/fr-ca\/summerside-to-tignish-via-west-point\/\">De Summerside \u00e0 Tignish via West Point, \u00cele-du-Prince-\u00c9douard, 133 km<\/a><\/strong><br>Ce trajet court mais fort agr\u00e9able commence \u00e0 Summerside. Surnomm\u00e9e \u00ab\u202fLa ville sur la mer\u202f\u00bb, c\u2019est la deuxi\u00e8me ville en importance de l\u2019\u00ce.-P.-\u00c9. Avant de vous mettre en route, profitez-en pour aller voir ses b\u00e2timents historiques, t\u00e9moins d\u2019un boom de la construction navale au 19e si\u00e8cle.<\/li>\n\n\n\n<li><strong><a href=\"https:\/\/hogstories.harley-davidson.com\/fr-ca\/baie-comeau-to-the-daniel-johnson-dam\/\">De Baie-Comeau au barrage Daniel-Johnson, Qu\u00e9bec, 216 km<\/a><\/strong><br>Ce court trajet constitue une excursion fantastique d&rsquo;une journ\u00e9e qui vous mettra le sourire aux l\u00e8vres du d\u00e9but \u00e0 la fin.<\/li>\n\n\n\n<li><strong><a href=\"https:\/\/hogstories.harley-davidson.com\/fr-ca\/le-tour-de-la-gaspesie\/\">Le Tour de la Gasp\u00e9sie, Qu\u00e9bec, 831 km<\/a><\/strong><br>Ce trajet autour de la magnifique p\u00e9ninsule gasp\u00e9sienne peut \u00eatre effectu\u00e9 dans les deux sens, mais il est pr\u00e9f\u00e9rable de le parcourir dans le sens contraire des aiguilles d&rsquo;une montre afin de rester sur le bord de la mer, en particulier le long de la baie des Chaleurs, d\u00e9sign\u00e9e comme l&rsquo;une des plus belles baies au monde.<\/li>\n\n\n\n<li><strong><a href=\"https:\/\/hogstories.harley-davidson.com\/fr-ca\/regina-saskatoon-h-d-dealer-loop\/\">Boucle de Regina \u00e0 Saskatoon en passant chez des concessionnaires H-D, Saskatchewan, 592 km<\/a><\/strong><br>Voici un trajet id\u00e9al pour une belle randonn\u00e9e d\u2019une journ\u00e9e, mais il y a tant \u00e0 voir en cours de route que vous voudrez peut-\u00eatre l\u2019\u00e9tirer sur un week-end et passer une nuit \u00e0 Saskatoon.<\/li>\n\n\n\n<li><a href=\"https:\/\/hogstories.harley-davidson.com\/fr-ca\/swift-current-to-saskatoon\/\"><strong>De Swift Current \u00e0 Saskatoon, Saskatchewan, 276 km<\/strong><\/a><br>Swift Current est l\u2019un des endroits les plus ensoleill\u00e9s du Canada. Ses 2 374 heures d\u2019ensoleillement chaque ann\u00e9e font de cette ville de 17\u202f000 habitants le point de d\u00e9part id\u00e9al pour votre vir\u00e9e saskatchewanaise sur deux roues.<\/li>\n<\/ul>\n<\/details>\n\n\n\n<details class=\"wp-block-details is-layout-flow wp-block-details-is-layout-flow\"><summary><strong>\u00c9tats-Unis<\/strong><\/summary>\n<ul class=\"wp-block-list\">\n<li><strong><a href=\"https:\/\/hogstories.harley-davidson.com\/igloo-city\/\">Igloo City, Cantwell, AK, 321 Miles<\/a><\/strong><br>\u201cGo big or go home\u201d might have been one man\u2019s motivation for building a massive igloo beside a lonely stretch of Alaskan highway.<\/li>\n\n\n\n<li><strong><a href=\"https:\/\/hogstories.harley-davidson.com\/prada-of-marfa\/\">Prada of Marfa, 177 Miles<\/a><\/strong><br>A desolate ribbon of U.S. highway, deep in the heart of the Chihuahuan Desert in west Texas, is probably the last place you\u2019d expect to see an outpost of an international luxury goods retailer.<\/li>\n\n\n\n<li><strong><a href=\"https:\/\/hogstories.harley-davidson.com\/salvation-mountain\/\">Salvation Mountain, Calipatria, CA, 136 Miles<\/a><\/strong><br>Built from discarded tires and windows, various auto parts, adobe clay mixed with straw, and thousands of gallons of donated paint, Salvation Mountain is a visionary work of folk art in the California Desert.<\/li>\n\n\n\n<li><strong><a href=\"https:\/\/hogstories.harley-davidson.com\/worlds-smallest-police-station\/\">World\u2019s Smallest Police Station, Carrabelle, FL, 539 Miles<\/a><\/strong><br>Located along Florida\u2019s \u201cForgotten Coast,\u201d the World\u2019s Smallest Police Station is a claustrophobic criminal\u2019s worst nightmare\u2014because it\u2019s actually just a telephone booth.<\/li>\n\n\n\n<li><strong><a href=\"https:\/\/hogstories.harley-davidson.com\/harriet-tubman-underground-railroad\/\">Harriet Tubman Underground Railroad, Church Creek, MD, 150 Miles<\/a><\/strong><br>To travel the Harriet Tubman Underground Railroad Byway is to experience the story of a real, tough-as-nails American hero unfold before your very eyes.<\/li>\n\n\n\n<li><strong><a href=\"https:\/\/hogstories.harley-davidson.com\/mississippi-blues-trail\/\">Mississippi Blues Trail, Tunica, MS, 264 Miles<\/a><\/strong><br>The Mississippi Delta is widely known as the birthplace of the blues. And U.S. Highway 61,called the \u201cBlues Highway,\u201d runs 200 miles through the heart of the region.<\/li>\n\n\n\n<li><strong><a href=\"https:\/\/hogstories.harley-davidson.com\/little-bighorn-battlefield-national-monument\/\">Little Bighorn Battlefield National Monument, Crow Agency, MT, 229 Miles<\/a><\/strong><br>History often isn\u2019t pretty, and the Battle of Little Bighorn, often referred to as Custer\u2019s Last Stand, represents a particularly dark time in our country\u2019s history.<\/li>\n\n\n\n<li><strong><a href=\"https:\/\/hogstories.harley-davidson.com\/carhenge\/\">Carhenge, Alliance, NE, 276 Miles<\/a><\/strong><br>Called \u201cNebraska\u2019s Answer to Stonehenge,\u201d the High Plains region\u2019s Carhenge was created in 1987 by local farmer Jim Reinders as a memorial to his father.<\/li>\n\n\n\n<li><strong><a href=\"https:\/\/hogstories.harley-davidson.com\/worlds-largest-pistachio\/\">World\u2019s Largest Pistachio, Alamogordo, NM, 148 Miles<\/a><\/strong><br>If you\u2019ve ever wondered where to find the world\u2019s largest pistachio, you\u2019ve come to the right place. McGinn\u2019s PistachioLand in Alamogordo, NM boasts that its 30-foot-tall concrete tree nut is the world\u2019s largest, and who are we to argue?<\/li>\n\n\n\n<li><strong><a href=\"https:\/\/hogstories.harley-davidson.com\/loneliest-road-in-america\/\">Loneliest Road in America, Fallon to Ely, NV, 285 Miles<\/a><\/strong><br>Dubbed \u201cThe Loneliest Road in America\u201d by Life magazine in 1986, the highway is particularly lonely along its 250 mile stretch between Fallon and Ely, where traffic is sparse and towns and gas stations are few and far between.<\/li>\n\n\n\n<li><strong><a href=\"https:\/\/hogstories.harley-davidson.com\/woodstock-monument\/\">Woodstock Monument, Swan Lake, NY, 187 Miles<\/a><\/strong><br>The Woodstock Music and Arts Fair, billed as \u201cThree Days of Peace and Music,\u201d took place in August of 1969 on a 600-acre dairy farm owned by a man named Max Yasgur. The festival site was added to the National Register of Historic Places in 2017.<\/li>\n\n\n\n<li><strong><a href=\"https:\/\/hogstories.harley-davidson.com\/hells-canyon-scenic-byway\/\">Hells Canyon Scenic Byway, LaGrande to Baker City, OR, 218 Miles<br><\/a><\/strong>From the depths of Hells Canyon to the peaks of the Wallowa Mountains, Hells Canyon Scenic Byway runs 218 miles in a horseshoe-shaped loop between La Grande and Baker City, Oregon.<\/li>\n\n\n\n<li><strong><a href=\"https:\/\/hogstories.harley-davidson.com\/fighting-seabee-statue\/\">Fighting Seabee Statue, North Kingstown, RI 36, Miles<\/a><\/strong><br>The U.S. Naval Construction Battalion, better known as the Seabees, is represented by a fierce bumblebee wearing a sailor\u2019s cap and brandishing a pipe wrench, hammer, and machine gun.<\/li>\n\n\n\n<li><strong><a href=\"https:\/\/hogstories.harley-davidson.com\/dignity-of-earth-and-sky\/\">Dignity of Earth and Sky, Chamberlain, SD 172, Miles<\/a><\/strong><br>High on a bluff overlooking the Missouri River, Dignity of Earth and Sky is a 50-foot-tall stainless steel sculpture of a Native American woman. Her outstretched arms hold a star quilt featuring 128 diamond-shaped pieces designed to flutter in the wind.<\/li>\n\n\n\n<li><strong><a href=\"https:\/\/hogstories.harley-davidson.com\/international-boundary-marker-republic-of-texas\/\">International Boundary Marker, Republic of Texas, Carthage, TX, 144 Miles<\/a><\/strong><br>This \u201cblink and you\u2019ll miss it\u201d location sits at the Texas\/Louisiana state line.<\/li>\n\n\n\n<li><strong><a href=\"https:\/\/hogstories.harley-davidson.com\/golden-spike-national-park\/\">Golden Spike National Park, Corinne, UT, 198 Miles<\/a><\/strong><br>When the final section of track for the nation\u2019s first transcontinental railroad was laid on May 10, 1869, it was considered one of the greatest technological achievements of the nineteenth century.<\/li>\n\n\n\n<li><strong><a href=\"https:\/\/hogstories.harley-davidson.com\/teapot-dome-service-station\/\">Teapot Dome Service Station, Zillah, WA, 176 Miles<\/a><\/strong><br>Inspired by the Teapot Dome political bribery scandal of 1922, the former gas station was constructed in Zillah, Washington in 1922 by Jack Ainsworth to resemble a giant teapot.<\/li>\n<\/ul>\n<\/details>\n\n\n\n<p><\/p>\n\n\n<div class=\"cta\">\n\t<div>\n\t\t<h2>H-D Planificateur de randonn\u00e9es<\/h2>\n\t<\/div>\n\t<div>\n\t\t\t<p class=\"btn\"><a class=\"button\" href=\"https:\/\/maps.harley-davidson.com\/\" target=\"_blank\">Trouver un trajet<\/a><\/p>\n\t\t<\/div>\n<\/div>\n\n\n\n<p><\/p>\n","protected":false},"excerpt":{"rendered":"<p>Votre prochaine aventure vous attend ! D\u00e9couvrez nos recommandations pour explorer les routes avec votre Harley-Davidson L\u2019un des points forts de notre communaut\u00e9 est de recommander des sorties inoubliables, ainsi [&hellip;]<\/p>\n","protected":false},"author":7,"featured_media":7347,"parent":0,"menu_order":0,"comment_status":"closed","ping_status":"closed","template":"","meta":{"_acf_changed":false,"footnotes":""},"class_list":["post-7433","page","type-page","status-publish","has-post-thumbnail","hentry"],"acf":[],"yoast_head":"<!-- This site is optimized with the Yoast SEO plugin v26.5 - https:\/\/yoast.com\/wordpress\/plugins\/seo\/ -->\n<title>HOG Stories - Trajets recommand\u00e9s - old - Canada fran\u00e7ais<\/title>\n<meta name=\"robots\" content=\"index, follow, max-snippet:-1, max-image-preview:large, max-video-preview:-1\" \/>\n<link rel=\"canonical\" href=\"https:\/\/hogstories.harley-davidson.com\/fr-ca\/riding-route-inspiration-old\/\" \/>\n<meta property=\"og:locale\" content=\"fr_CA\" \/>\n<meta property=\"og:type\" content=\"article\" \/>\n<meta property=\"og:title\" content=\"HOG Stories - Trajets recommand\u00e9s - old - Canada fran\u00e7ais\" \/>\n<meta property=\"og:description\" content=\"Votre prochaine aventure vous attend ! D\u00e9couvrez nos recommandations pour explorer les routes avec votre Harley-Davidson L\u2019un des points forts de notre communaut\u00e9 est de recommander des sorties inoubliables, ainsi [&hellip;]\" \/>\n<meta property=\"og:url\" content=\"https:\/\/hogstories.harley-davidson.com\/fr-ca\/riding-route-inspiration-old\/\" \/>\n<meta property=\"og:site_name\" content=\"Canada fran\u00e7ais\" \/>\n<meta property=\"article:modified_time\" content=\"2026-03-03T15:04:41+00:00\" \/>\n<meta property=\"og:image\" content=\"https:\/\/hogstories.harley-davidson.com\/fr-ca\/wp-content\/uploads\/2025\/12\/my24-fltrx-riding-4076-ab.jpg\" \/>\n\t<meta property=\"og:image:width\" content=\"2000\" \/>\n\t<meta property=\"og:image:height\" content=\"1125\" \/>\n\t<meta property=\"og:image:type\" content=\"image\/jpeg\" \/>\n<meta name=\"twitter:card\" content=\"summary_large_image\" \/>\n<meta name=\"twitter:label1\" content=\"Estimation du temps de lecture\" \/>\n\t<meta name=\"twitter:data1\" content=\"9 minutes\" \/>\n<script type=\"application\/ld+json\" class=\"yoast-schema-graph\">{\"@context\":\"https:\/\/schema.org\",\"@graph\":[{\"@type\":\"WebPage\",\"@id\":\"https:\/\/hogstories.harley-davidson.com\/fr-ca\/riding-route-inspiration-old\/\",\"url\":\"https:\/\/hogstories.harley-davidson.com\/fr-ca\/riding-route-inspiration-old\/\",\"name\":\"HOG Stories - Trajets recommand\u00e9s - old - Canada fran\u00e7ais\",\"isPartOf\":{\"@id\":\"https:\/\/hogstories.harley-davidson.com\/fr-ca\/#website\"},\"primaryImageOfPage\":{\"@id\":\"https:\/\/hogstories.harley-davidson.com\/fr-ca\/riding-route-inspiration-old\/#primaryimage\"},\"image\":{\"@id\":\"https:\/\/hogstories.harley-davidson.com\/fr-ca\/riding-route-inspiration-old\/#primaryimage\"},\"thumbnailUrl\":\"https:\/\/hogstories.harley-davidson.com\/fr-ca\/wp-content\/uploads\/2025\/12\/my24-fltrx-riding-4076-ab.jpg\",\"datePublished\":\"2025-12-17T09:18:19+00:00\",\"dateModified\":\"2026-03-03T15:04:41+00:00\",\"breadcrumb\":{\"@id\":\"https:\/\/hogstories.harley-davidson.com\/fr-ca\/riding-route-inspiration-old\/#breadcrumb\"},\"inLanguage\":\"fr-CA\",\"potentialAction\":[{\"@type\":\"ReadAction\",\"target\":[\"https:\/\/hogstories.harley-davidson.com\/fr-ca\/riding-route-inspiration-old\/\"]}]},{\"@type\":\"ImageObject\",\"inLanguage\":\"fr-CA\",\"@id\":\"https:\/\/hogstories.harley-davidson.com\/fr-ca\/riding-route-inspiration-old\/#primaryimage\",\"url\":\"https:\/\/hogstories.harley-davidson.com\/fr-ca\/wp-content\/uploads\/2025\/12\/my24-fltrx-riding-4076-ab.jpg\",\"contentUrl\":\"https:\/\/hogstories.harley-davidson.com\/fr-ca\/wp-content\/uploads\/2025\/12\/my24-fltrx-riding-4076-ab.jpg\",\"width\":2000,\"height\":1125},{\"@type\":\"BreadcrumbList\",\"@id\":\"https:\/\/hogstories.harley-davidson.com\/fr-ca\/riding-route-inspiration-old\/#breadcrumb\",\"itemListElement\":[{\"@type\":\"ListItem\",\"position\":1,\"name\":\"Home\",\"item\":\"https:\/\/hogstories.harley-davidson.com\/fr-ca\/\"},{\"@type\":\"ListItem\",\"position\":2,\"name\":\"Trajets recommand\u00e9s &#8211; old\"}]},{\"@type\":\"WebSite\",\"@id\":\"https:\/\/hogstories.harley-davidson.com\/fr-ca\/#website\",\"url\":\"https:\/\/hogstories.harley-davidson.com\/fr-ca\/\",\"name\":\"Harley Owners Group - Canadian French\",\"description\":\"\",\"publisher\":{\"@id\":\"https:\/\/hogstories.harley-davidson.com\/fr-ca\/#organization\"},\"potentialAction\":[{\"@type\":\"SearchAction\",\"target\":{\"@type\":\"EntryPoint\",\"urlTemplate\":\"https:\/\/hogstories.harley-davidson.com\/fr-ca\/?s={search_term_string}\"},\"query-input\":{\"@type\":\"PropertyValueSpecification\",\"valueRequired\":true,\"valueName\":\"search_term_string\"}}],\"inLanguage\":\"fr-CA\"},{\"@type\":\"Organization\",\"@id\":\"https:\/\/hogstories.harley-davidson.com\/fr-ca\/#organization\",\"name\":\"Harley Owners Group\",\"url\":\"https:\/\/hogstories.harley-davidson.com\/fr-ca\/\",\"logo\":{\"@type\":\"ImageObject\",\"inLanguage\":\"fr-CA\",\"@id\":\"https:\/\/hogstories.harley-davidson.com\/fr-ca\/#\/schema\/logo\/image\/\",\"url\":\"https:\/\/hogstories.harley-davidson.com\/fr-ca\/wp-content\/uploads\/2024\/10\/vagabond6.jpg\",\"contentUrl\":\"https:\/\/hogstories.harley-davidson.com\/fr-ca\/wp-content\/uploads\/2024\/10\/vagabond6.jpg\",\"width\":900,\"height\":900,\"caption\":\"Harley Owners Group\"},\"image\":{\"@id\":\"https:\/\/hogstories.harley-davidson.com\/fr-ca\/#\/schema\/logo\/image\/\"}}]}<\/script>\n<!-- \/ Yoast SEO plugin. -->","yoast_head_json":{"title":"HOG Stories - Trajets recommand\u00e9s - old - Canada fran\u00e7ais","robots":{"index":"index","follow":"follow","max-snippet":"max-snippet:-1","max-image-preview":"max-image-preview:large","max-video-preview":"max-video-preview:-1"},"canonical":"https:\/\/hogstories.harley-davidson.com\/fr-ca\/riding-route-inspiration-old\/","og_locale":"fr_CA","og_type":"article","og_title":"HOG Stories - Trajets recommand\u00e9s - old - Canada fran\u00e7ais","og_description":"Votre prochaine aventure vous attend ! D\u00e9couvrez nos recommandations pour explorer les routes avec votre Harley-Davidson L\u2019un des points forts de notre communaut\u00e9 est de recommander des sorties inoubliables, ainsi [&hellip;]","og_url":"https:\/\/hogstories.harley-davidson.com\/fr-ca\/riding-route-inspiration-old\/","og_site_name":"Canada fran\u00e7ais","article_modified_time":"2026-03-03T15:04:41+00:00","og_image":[{"width":2000,"height":1125,"url":"https:\/\/hogstories.harley-davidson.com\/fr-ca\/wp-content\/uploads\/2025\/12\/my24-fltrx-riding-4076-ab.jpg","type":"image\/jpeg"}],"twitter_card":"summary_large_image","twitter_misc":{"Estimation du temps de lecture":"9 minutes"},"schema":{"@context":"https:\/\/schema.org","@graph":[{"@type":"WebPage","@id":"https:\/\/hogstories.harley-davidson.com\/fr-ca\/riding-route-inspiration-old\/","url":"https:\/\/hogstories.harley-davidson.com\/fr-ca\/riding-route-inspiration-old\/","name":"HOG Stories - Trajets recommand\u00e9s - old - Canada fran\u00e7ais","isPartOf":{"@id":"https:\/\/hogstories.harley-davidson.com\/fr-ca\/#website"},"primaryImageOfPage":{"@id":"https:\/\/hogstories.harley-davidson.com\/fr-ca\/riding-route-inspiration-old\/#primaryimage"},"image":{"@id":"https:\/\/hogstories.harley-davidson.com\/fr-ca\/riding-route-inspiration-old\/#primaryimage"},"thumbnailUrl":"https:\/\/hogstories.harley-davidson.com\/fr-ca\/wp-content\/uploads\/2025\/12\/my24-fltrx-riding-4076-ab.jpg","datePublished":"2025-12-17T09:18:19+00:00","dateModified":"2026-03-03T15:04:41+00:00","breadcrumb":{"@id":"https:\/\/hogstories.harley-davidson.com\/fr-ca\/riding-route-inspiration-old\/#breadcrumb"},"inLanguage":"fr-CA","potentialAction":[{"@type":"ReadAction","target":["https:\/\/hogstories.harley-davidson.com\/fr-ca\/riding-route-inspiration-old\/"]}]},{"@type":"ImageObject","inLanguage":"fr-CA","@id":"https:\/\/hogstories.harley-davidson.com\/fr-ca\/riding-route-inspiration-old\/#primaryimage","url":"https:\/\/hogstories.harley-davidson.com\/fr-ca\/wp-content\/uploads\/2025\/12\/my24-fltrx-riding-4076-ab.jpg","contentUrl":"https:\/\/hogstories.harley-davidson.com\/fr-ca\/wp-content\/uploads\/2025\/12\/my24-fltrx-riding-4076-ab.jpg","width":2000,"height":1125},{"@type":"BreadcrumbList","@id":"https:\/\/hogstories.harley-davidson.com\/fr-ca\/riding-route-inspiration-old\/#breadcrumb","itemListElement":[{"@type":"ListItem","position":1,"name":"Home","item":"https:\/\/hogstories.harley-davidson.com\/fr-ca\/"},{"@type":"ListItem","position":2,"name":"Trajets recommand\u00e9s &#8211; old"}]},{"@type":"WebSite","@id":"https:\/\/hogstories.harley-davidson.com\/fr-ca\/#website","url":"https:\/\/hogstories.harley-davidson.com\/fr-ca\/","name":"Harley Owners Group - Canadian French","description":"","publisher":{"@id":"https:\/\/hogstories.harley-davidson.com\/fr-ca\/#organization"},"potentialAction":[{"@type":"SearchAction","target":{"@type":"EntryPoint","urlTemplate":"https:\/\/hogstories.harley-davidson.com\/fr-ca\/?s={search_term_string}"},"query-input":{"@type":"PropertyValueSpecification","valueRequired":true,"valueName":"search_term_string"}}],"inLanguage":"fr-CA"},{"@type":"Organization","@id":"https:\/\/hogstories.harley-davidson.com\/fr-ca\/#organization","name":"Harley Owners Group","url":"https:\/\/hogstories.harley-davidson.com\/fr-ca\/","logo":{"@type":"ImageObject","inLanguage":"fr-CA","@id":"https:\/\/hogstories.harley-davidson.com\/fr-ca\/#\/schema\/logo\/image\/","url":"https:\/\/hogstories.harley-davidson.com\/fr-ca\/wp-content\/uploads\/2024\/10\/vagabond6.jpg","contentUrl":"https:\/\/hogstories.harley-davidson.com\/fr-ca\/wp-content\/uploads\/2024\/10\/vagabond6.jpg","width":900,"height":900,"caption":"Harley Owners Group"},"image":{"@id":"https:\/\/hogstories.harley-davidson.com\/fr-ca\/#\/schema\/logo\/image\/"}}]}},"_links":{"self":[{"href":"https:\/\/hogstories.harley-davidson.com\/fr-ca\/wp-json\/wp\/v2\/pages\/7433","targetHints":{"allow":["GET"]}}],"collection":[{"href":"https:\/\/hogstories.harley-davidson.com\/fr-ca\/wp-json\/wp\/v2\/pages"}],"about":[{"href":"https:\/\/hogstories.harley-davidson.com\/fr-ca\/wp-json\/wp\/v2\/types\/page"}],"author":[{"embeddable":true,"href":"https:\/\/hogstories.harley-davidson.com\/fr-ca\/wp-json\/wp\/v2\/users\/7"}],"replies":[{"embeddable":true,"href":"https:\/\/hogstories.harley-davidson.com\/fr-ca\/wp-json\/wp\/v2\/comments?post=7433"}],"version-history":[{"count":30,"href":"https:\/\/hogstories.harley-davidson.com\/fr-ca\/wp-json\/wp\/v2\/pages\/7433\/revisions"}],"predecessor-version":[{"id":8322,"href":"https:\/\/hogstories.harley-davidson.com\/fr-ca\/wp-json\/wp\/v2\/pages\/7433\/revisions\/8322"}],"wp:featuredmedia":[{"embeddable":true,"href":"https:\/\/hogstories.harley-davidson.com\/fr-ca\/wp-json\/wp\/v2\/media\/7347"}],"wp:attachment":[{"href":"https:\/\/hogstories.harley-davidson.com\/fr-ca\/wp-json\/wp\/v2\/media?parent=7433"}],"curies":[{"name":"wp","href":"https:\/\/api.w.org\/{rel}","templated":true}]}}